{"id":32768,"date":"2026-02-10T17:55:36","date_gmt":"2026-02-10T17:55:36","guid":{"rendered":"https:\/\/emergeameristg.wpengine.com\/?page_id=32768"},"modified":"2026-03-20T14:41:10","modified_gmt":"2026-03-20T14:41:10","slug":"agenda-at-a-glance","status":"publish","type":"page","link":"https:\/\/emergeamericas.com\/es\/agenda-at-a-glance\/","title":{"rendered":"Agenda de un vistazo"},"content":{"rendered":"<div class=\"gb-container gb-container-9fbdd6c4\">\n<div class=\"gb-container gb-container-f7bcf5b3\">\n<div class=\"gb-container gb-container-484c2c89\">\n\n<h1 class=\"gb-headline gb-headline-d6e4cefc gb-headline-text h1-clamp\">AGENDA<\/h1>\n\n\n\n<h5 class=\"gb-headline gb-headline-661f54dd gb-headline-text\">YA EST\u00c1N DISPONIBLES TODOS LOS DETALLES DE LA PROGRAMACI\u00d3N<\/h5>\n\n\n\n<p class=\"gb-headline gb-headline-6d06c7ca gb-headline-text\">A partir del lunes 20 de abril, Miami se convierte en el epicentro de la innovaci\u00f3n mundial con el lanzamiento de eMerge Americas.&nbsp;<strong>un sinf\u00edn de experiencias, cumbres de gran impacto, demostraciones en directo y momentos inolvidables<\/strong>... incluso antes de que abra la exposici\u00f3n. Reg\u00edstrese ahora para asegurarse su plaza. <\/p>\n\n<\/div>\n\n<div class=\"gb-container gb-container-e3edc920\">\n\n<div class=\"wp-block-columns are-vertically-aligned-center is-layout-flex wp-container-core-columns-is-layout-9d6595d7 wp-block-columns-is-layout-flex\">\n<div class=\"wp-block-column is-vertically-aligned-center is-layout-flow wp-block-column-is-layout-flow\" style=\"flex-basis:33.33%\"><div class=\"gb-container gb-container-8030fdbf\">\n\n<h2 class=\"gb-headline gb-headline-328397df gb-headline-text\">Lun<br><strong>20 de abril<\/strong><\/h2>\n\n<\/div><\/div>\n\n\n\n<div class=\"wp-block-column is-vertically-aligned-center is-layout-flow wp-block-column-is-layout-flow\" style=\"flex-basis:66.66%\">\n<h2 class=\"gb-headline gb-headline-a92963d6 gb-headline-text\"> antes de que se abran las puertas<\/h2>\n\n\n\n<p class=\"has-text-align-center\">Recepci\u00f3n inaugural de nuestro programa de entrada en el mercado, que tendr\u00e1 lugar los d\u00edas 20 y 21 de abril, antes de la conferencia principal y la exposici\u00f3n. Dirigido a empresas nacionales e internacionales que deseen introducirse en el mercado de Florida. <a href=\"https:\/\/emergeamericas.com\/es\/about\/international-immersion-program\/?utm_campaign=24162378-eMA26%20Reg%20Emails&amp;utm_source=hs_email&amp;utm_medium=email&amp;_hsenc=p2ANqtz--yoqHO3ThnXTt3BlY2Hk_nurKg87PjdXaWlEQnh4m_DC8JF7KMhPOe6XhD5TnqULegcKUq\" target=\"_blank\" rel=\"noreferrer noopener\">Aprende m\u00e1s<\/a><\/p>\n<\/div>\n<\/div>\n\n<\/div>\n\n<div class=\"gb-container gb-container-0c865845\">\n\n<div class=\"wp-block-columns are-vertically-aligned-center is-layout-flex wp-container-core-columns-is-layout-9d6595d7 wp-block-columns-is-layout-flex\">\n<div class=\"wp-block-column is-vertically-aligned-center is-layout-flow wp-block-column-is-layout-flow\" style=\"flex-basis:33.33%\"><div class=\"gb-container gb-container-4d2316cb\">\n\n<h2 class=\"gb-headline gb-headline-e70ba669 gb-headline-text\">Mar<br><strong>21 de abril<\/strong><\/h2>\n\n<\/div><\/div>\n\n\n\n<div class=\"wp-block-column is-vertically-aligned-center is-layout-flow wp-block-column-is-layout-flow\" style=\"flex-basis:66.66%\">\n<h2 class=\"gb-headline gb-headline-aebf1132 gb-headline-text\">tecnolog\u00eda de doble uso en acci\u00f3n<\/h2>\n\n\n\n<p class=\"has-text-align-center\">Nuestro segundo D\u00eda de Demostraci\u00f3n de Seguridad Nacional en PortMiami mostrar\u00e1 tecnolog\u00edas cr\u00edticas de doble uso a trav\u00e9s de un evento de demostraci\u00f3n en vivo \u00fanico en su clase. Exclusivo para los principales innovadores, compradores gubernamentales e inversores. <a href=\"https:\/\/luma.com\/NatSecDemoDay\">Reg\u00edstrese aqu\u00ed<\/a>.<\/p>\n<\/div>\n<\/div>\n\n<\/div>\n\n<div class=\"gb-container gb-container-d55badfb\">\n\n<div class=\"wp-block-columns are-vertically-aligned-center is-layout-flex wp-container-core-columns-is-layout-9d6595d7 wp-block-columns-is-layout-flex\">\n<div class=\"wp-block-column is-vertically-aligned-center is-layout-flow wp-block-column-is-layout-flow\" style=\"flex-basis:33.33%\"><div class=\"gb-container gb-container-8e358b4a\">\n\n<h2 class=\"gb-headline gb-headline-1059a4c9 gb-headline-text\">Mi\u00e9rcoles<br><strong>22 de abril<\/strong><\/h2>\n\n<\/div><\/div>\n\n\n\n<div class=\"wp-block-column is-vertically-aligned-center is-layout-flow wp-block-column-is-layout-flow\" style=\"flex-basis:66.66%\">\n<h2 class=\"gb-headline gb-headline-095dd1f0 gb-headline-text\">Construir. Conectar. Devolver.<\/h2>\n\n\n\n<p class=\"has-text-align-center\">Sesiones y talleres AI + Quantum - Una serie intensiva de talleres pr\u00e1cticos, laboratorios t\u00e9cnicos y sesiones de profundizaci\u00f3n de un d\u00eda de duraci\u00f3n, dise\u00f1ados para profesionales de TI, desarrolladores, ingenieros y profesionales. Compre su entrada con <a href=\"https:\/\/registration.experientevent.com\/ShowEAM261?_gl=1*odhr5d*_gcl_au*MjkzNzk1NzEyLjE3NjMxMjQ3MzE.*_ga*NjEyMjYzMDkyLjE3NTUyNjc4NjA.*_ga_DPX3DGF3YF*czE3Njk4NjU5MjEkbzI4NiRnMSR0MTc2OTg2NjAwMSRqNjAkbDAkaDA.\">inscripci\u00f3n<\/a>.<\/p>\n\n\n\n<p class=\"has-text-align-center\">D\u00eda de los Fundadores de eMerge + Happy Hour con las startups de \u00e9lite y los propietarios de las cohortes 2026 eMerge Accelerator y SMB Growth Lab.<\/p>\n\n\n\n<p class=\"has-text-align-center\">Concierto ben\u00e9fico para apoyar a las familias de los guerreros ca\u00eddos en la sombra, con un int\u00e9rprete legendario, <strong>Darius Rucker<\/strong>\u00a1! Comprar billete con <a href=\"https:\/\/registration.experientevent.com\/ShowEAM261?_gl=1*odhr5d*_gcl_au*MjkzNzk1NzEyLjE3NjMxMjQ3MzE.*_ga*NjEyMjYzMDkyLjE3NTUyNjc4NjA.*_ga_DPX3DGF3YF*czE3Njk4NjU5MjEkbzI4NiRnMSR0MTc2OTg2NjAwMSRqNjAkbDAkaDA.\">inscripci\u00f3n<\/a>.<\/p>\n<\/div>\n<\/div>\n\n<\/div>\n\n<div class=\"gb-container gb-container-466c9e72\">\n\n<div class=\"wp-block-columns are-vertically-aligned-center is-layout-flex wp-container-core-columns-is-layout-9d6595d7 wp-block-columns-is-layout-flex\">\n<div class=\"wp-block-column is-vertically-aligned-center is-layout-flow wp-block-column-is-layout-flow\" style=\"flex-basis:33.33%\"><div class=\"gb-container gb-container-5a939382\">\n\n<h2 class=\"gb-headline gb-headline-45b83b61 gb-headline-text\">Jue<br><strong>23 de abril<\/strong><\/h2>\n\n<\/div><\/div>\n\n\n\n<div class=\"wp-block-column is-vertically-aligned-center is-layout-flow wp-block-column-is-layout-flow\" style=\"flex-basis:66.66%\">\n<h2 class=\"gb-headline gb-headline-5f171b8c gb-headline-text\">EL ACONTECIMIENTO PRINCIPAL. Cada \u00e1ngulo de la tecnolog\u00eda.<\/h2>\n\n\n\n<ul class=\"wp-block-list\">\n<li><strong>Inauguraci\u00f3n de eMerge Americas Conference + Expo<\/strong>, <strong>De 9:00 a 17:30.<\/strong><\/li>\n\n\n\n<li>Sesi\u00f3n VIP para ejecutivos del sector sanitario con el D\u00eda de Demostraci\u00f3n del Ecosistema de Empresas de Innovaci\u00f3n Sanitaria, que incluye un almuerzo privado con ejecutivos selectos del sector sanitario.<\/li>\n\n\n\n<li>Seis escenarios que re\u00fanen a las voces m\u00e1s destacadas en IA + Deep Tech, Seguridad Nacional, HealthTech y FinTech. <a href=\"https:\/\/emergeamericas.com\/es\/conference-expo\/speakers\/\">Ver altavoces<\/a><\/li>\n\n\n\n<li>En <a href=\"https:\/\/s23.a2zinc.net\/clients\/eMerge\/eMerge2026\/Public\/eventmap.aspx\">300 expositores<\/a><\/li>\n\n\n\n<li>Cumbre de la Empresa Familiar Privada<\/li>\n\n\n\n<li>Fiesta de inauguraci\u00f3n en Lincoln Road: \u00a1abierta a todos los titulares de pases!<\/li>\n<\/ul>\n<\/div>\n<\/div>\n\n<\/div>\n\n<div class=\"gb-container gb-container-9dd0c806\">\n\n<div class=\"wp-block-columns are-vertically-aligned-center is-layout-flex wp-container-core-columns-is-layout-9d6595d7 wp-block-columns-is-layout-flex\">\n<div class=\"wp-block-column is-vertically-aligned-center is-layout-flow wp-block-column-is-layout-flow\" style=\"flex-basis:33.33%\"><div class=\"gb-container gb-container-2f64fd66\">\n\n<h2 class=\"gb-headline gb-headline-d680c9fa gb-headline-text\">Vie<br><strong>24 de abril<\/strong><\/h2>\n\n<\/div><\/div>\n\n\n\n<div class=\"wp-block-column is-vertically-aligned-center is-layout-flow wp-block-column-is-layout-flow\" style=\"flex-basis:66.66%\">\n<h2 class=\"gb-headline gb-headline-42b2ecd7 gb-headline-text\">D\u00cdA 2 + despedida VIP<\/h2>\n\n\n\n<ul class=\"wp-block-list\">\n<li><strong>eMerge Americas Conference + Expo, \u00a1de 9:00 a 17:30!<\/strong><\/li>\n\n\n\n<li>Desayuno sobre el ecosistema de innovaci\u00f3n de Florida<\/li>\n\n\n\n<li>Almuerzo privado de Seguridad Nacional<\/li>\n\n\n\n<li>Seis escenarios que re\u00fanen a las voces m\u00e1s destacadas en IA + Deep Tech, Seguridad Nacional, HealthTech y FinTech. <a href=\"https:\/\/emergeamericas.com\/es\/conference-expo\/speakers\/\">Ver altavoces<\/a><\/li>\n\n\n\n<li>En <a href=\"https:\/\/s23.a2zinc.net\/clients\/eMerge\/eMerge2026\/Public\/eventmap.aspx\">300 expositores<\/a><\/li>\n\n\n\n<li>Cumbre de la Empresa Familiar Privada&nbsp;<\/li>\n\n\n\n<li>Fiesta VIP de clausura en la playa, s\u00f3lo para titulares de pases VIP<\/li>\n<\/ul>\n<\/div>\n<\/div>\n\n\n\n<div class=\"wp-block-columns are-vertically-aligned-center is-layout-flex wp-container-core-columns-is-layout-9d6595d7 wp-block-columns-is-layout-flex\">\n<div class=\"wp-block-column is-vertically-aligned-center is-layout-flow wp-block-column-is-layout-flow\" style=\"flex-basis:33.33%\"><div class=\"gb-container gb-container-6fb6ff5e\">\n\n<h2 class=\"gb-headline gb-headline-4a50e959 gb-headline-text\">SAT<br><strong>2 de abril<\/strong>5<\/h2>\n\n<\/div><\/div>\n\n\n\n<div class=\"wp-block-column is-vertically-aligned-center is-layout-flow wp-block-column-is-layout-flow\" style=\"flex-basis:66.66%\">\n<h2 class=\"gb-headline gb-headline-ff45c895 gb-headline-text\">F\u00daTBOL COMUNITARIO + BIENESTAR<\/h2>\n\n\n\n<p class=\"has-text-align-center\">En colaboraci\u00f3n con Plei, un antiguo alumno de eMerge de r\u00e1pido crecimiento, y el socio comunitario Tech Beach Retreat, este evento social posterior a la conferencia a\u00fana tecnolog\u00eda, deporte y bienestar. \u00danase a nosotros en una edici\u00f3n especial de Ball &amp; Brunch, un torneo de recogida dise\u00f1ado para conectar con la comunidad y experimentar la energ\u00eda de las startups de Miami a trav\u00e9s del f\u00fatbol. De 10.00 a 14.00 horas, <a href=\"https:\/\/tickettree.us\/fan\/events\/967e7ee8-3d65-4e32-80a7-70af2ab9687e\/111986a0-b4f4-4f95-bdd0-fe2086d1e135\">Registro<\/a><\/p>\n<\/div>\n<\/div>\n\n<\/div>\n<\/div>\n<\/div>\n\n\n<p><\/p>","protected":false},"excerpt":{"rendered":"<p>AGENDA al instante LOS DETALLES COMPLETOS DE LA PROGRAMACI\u00d3N YA EST\u00c1N DISPONIBLES A partir del lunes 20 de abril, Miami se convierte en el epicentro de la innovaci\u00f3n mundial cuando eMerge Americas lance una serie ininterrumpida de experiencias, cumbres de alto impacto, demostraciones en vivo y momentos inolvidables... antes de que siquiera abra el piso de exhibici\u00f3n. \u00a1Reg\u00edstrese ahora para asegurar su lugar! Lun 20 de abril antes de que abran las puertas Recepci\u00f3n de apertura de nuestra Entrada al Mercado\u2026 <a title=\"Agenda de un vistazo\" class=\"read-more\" href=\"https:\/\/emergeamericas.com\/es\/agenda-at-a-glance\/\" aria-label=\"Lee m\u00e1s sobre Agenda de un vistazo\">Leer m\u00e1s<\/a><\/p>","protected":false},"author":33,"featured_media":32769,"parent":0,"menu_order":0,"comment_status":"closed","ping_status":"closed","template":"","meta":{"_acf_changed":false,"_lmt_disableupdate":"","_lmt_disable":"","footnotes":"","_links_to":"","_links_to_target":""},"hf_cat_page":[],"class_list":["post-32768","page","type-page","status-publish","has-post-thumbnail"],"acf":[],"yoast_head":"<!-- This site is optimized with the Yoast SEO Premium plugin v27.1 (Yoast SEO v27.3) - https:\/\/yoast.com\/product\/yoast-seo-premium-wordpress\/ -->\n<title>Agenda At A Glance - eMerge Americas<\/title>\n<meta name=\"description\" content=\"Starting\u00a0Monday, April 20,\u00a0Miami becomes the epicenter of global innovation as eMerge Americas launches a\u00a0nonstop run of experiences, high-impact summits, and unforgettable moments\" \/>\n<meta name=\"robots\" content=\"index, follow, max-snippet:-1, max-image-preview:large, max-video-preview:-1\" \/>\n<link rel=\"canonical\" href=\"https:\/\/emergeamericas.com\/es\/agenda-at-a-glance\/\" \/>\n<meta property=\"og:locale\" content=\"es_ES\" \/>\n<meta property=\"og:type\" content=\"article\" \/>\n<meta property=\"og:title\" content=\"Agenda At A Glance\" \/>\n<meta property=\"og:description\" content=\"AGENDA at a glance FULL PROGRAMMING DETAILS ARE LIVE Starting&nbsp;Monday, April 20,&nbsp;Miami becomes the epicenter of global innovation as eMerge\" \/>\n<meta property=\"og:url\" content=\"https:\/\/emergeamericas.com\/es\/agenda-at-a-glance\/\" \/>\n<meta property=\"og:site_name\" content=\"eMerge Americas\" \/>\n<meta property=\"article:publisher\" content=\"https:\/\/www.facebook.com\/emergeamericas\" \/>\n<meta property=\"article:modified_time\" content=\"2026-03-20T14:41:10+00:00\" \/>\n<meta property=\"og:image\" content=\"https:\/\/emergeamericas.com\/wp-content\/uploads\/2026\/02\/240418-Emerge-2024-203-1-scaled.jpg\" \/>\n\t<meta property=\"og:image:width\" content=\"2560\" \/>\n\t<meta property=\"og:image:height\" content=\"1708\" \/>\n\t<meta property=\"og:image:type\" content=\"image\/jpeg\" \/>\n<meta name=\"twitter:card\" content=\"summary_large_image\" \/>\n<meta name=\"twitter:site\" content=\"@emergeamericas\" \/>\n<meta name=\"twitter:label1\" content=\"Tiempo de lectura\" \/>\n\t<meta name=\"twitter:data1\" content=\"2 minutos\" \/>\n<script type=\"application\/ld+json\" class=\"yoast-schema-graph\">{\"@context\":\"https:\\\/\\\/schema.org\",\"@graph\":[{\"@type\":\"WebPage\",\"@id\":\"https:\\\/\\\/emergeamericas.com\\\/agenda-at-a-glance\\\/\",\"url\":\"https:\\\/\\\/emergeamericas.com\\\/agenda-at-a-glance\\\/\",\"name\":\"Agenda At A Glance - eMerge Americas\",\"isPartOf\":{\"@id\":\"https:\\\/\\\/emergeamericas.com\\\/#website\"},\"primaryImageOfPage\":{\"@id\":\"https:\\\/\\\/emergeamericas.com\\\/agenda-at-a-glance\\\/#primaryimage\"},\"image\":{\"@id\":\"https:\\\/\\\/emergeamericas.com\\\/agenda-at-a-glance\\\/#primaryimage\"},\"thumbnailUrl\":\"https:\\\/\\\/emergeamericas.com\\\/wp-content\\\/uploads\\\/2026\\\/02\\\/240418-Emerge-2024-203-1-scaled.jpg\",\"datePublished\":\"2026-02-10T17:55:36+00:00\",\"dateModified\":\"2026-03-20T14:41:10+00:00\",\"description\":\"Starting\u00a0Monday, April 20,\u00a0Miami becomes the epicenter of global innovation as eMerge Americas launches a\u00a0nonstop run of experiences, high-impact summits, and unforgettable moments\",\"breadcrumb\":{\"@id\":\"https:\\\/\\\/emergeamericas.com\\\/agenda-at-a-glance\\\/#breadcrumb\"},\"inLanguage\":\"es\",\"potentialAction\":[{\"@type\":\"ReadAction\",\"target\":[\"https:\\\/\\\/emergeamericas.com\\\/agenda-at-a-glance\\\/\"]}]},{\"@type\":\"ImageObject\",\"inLanguage\":\"es\",\"@id\":\"https:\\\/\\\/emergeamericas.com\\\/agenda-at-a-glance\\\/#primaryimage\",\"url\":\"https:\\\/\\\/emergeamericas.com\\\/wp-content\\\/uploads\\\/2026\\\/02\\\/240418-Emerge-2024-203-1-scaled.jpg\",\"contentUrl\":\"https:\\\/\\\/emergeamericas.com\\\/wp-content\\\/uploads\\\/2026\\\/02\\\/240418-Emerge-2024-203-1-scaled.jpg\",\"width\":2560,\"height\":1708},{\"@type\":\"BreadcrumbList\",\"@id\":\"https:\\\/\\\/emergeamericas.com\\\/agenda-at-a-glance\\\/#breadcrumb\",\"itemListElement\":[{\"@type\":\"ListItem\",\"position\":1,\"name\":\"Home\",\"item\":\"https:\\\/\\\/emergeamericas.com\\\/\"},{\"@type\":\"ListItem\",\"position\":2,\"name\":\"Agenda At A Glance\"}]},{\"@type\":\"WebSite\",\"@id\":\"https:\\\/\\\/emergeamericas.com\\\/#website\",\"url\":\"https:\\\/\\\/emergeamericas.com\\\/\",\"name\":\"eMerge Americas\",\"description\":\"The Premier Technology Event Anchoring Miami Tech Week 2022\",\"publisher\":{\"@id\":\"https:\\\/\\\/emergeamericas.com\\\/#organization\"},\"potentialAction\":[{\"@type\":\"SearchAction\",\"target\":{\"@type\":\"EntryPoint\",\"urlTemplate\":\"https:\\\/\\\/emergeamericas.com\\\/?s={search_term_string}\"},\"query-input\":{\"@type\":\"PropertyValueSpecification\",\"valueRequired\":true,\"valueName\":\"search_term_string\"}}],\"inLanguage\":\"es\"},{\"@type\":\"Organization\",\"@id\":\"https:\\\/\\\/emergeamericas.com\\\/#organization\",\"name\":\"eMerge Americas\",\"url\":\"https:\\\/\\\/emergeamericas.com\\\/\",\"logo\":{\"@type\":\"ImageObject\",\"inLanguage\":\"es\",\"@id\":\"https:\\\/\\\/emergeamericas.com\\\/#\\\/schema\\\/logo\\\/image\\\/\",\"url\":\"https:\\\/\\\/emergeamericas.com\\\/wp-content\\\/uploads\\\/2023\\\/11\\\/emerge-logo-horiz-225.svg\",\"contentUrl\":\"https:\\\/\\\/emergeamericas.com\\\/wp-content\\\/uploads\\\/2023\\\/11\\\/emerge-logo-horiz-225.svg\",\"width\":242,\"height\":90,\"caption\":\"eMerge Americas\"},\"image\":{\"@id\":\"https:\\\/\\\/emergeamericas.com\\\/#\\\/schema\\\/logo\\\/image\\\/\"},\"sameAs\":[\"https:\\\/\\\/www.facebook.com\\\/emergeamericas\",\"https:\\\/\\\/x.com\\\/emergeamericas\",\"https:\\\/\\\/www.instagram.com\\\/emergeamericas\\\/\",\"https:\\\/\\\/www.linkedin.com\\\/company\\\/emerge-americas\"]}]}<\/script>\n<!-- \/ Yoast SEO Premium plugin. -->","yoast_head_json":{"title":"Agenda de un vistazo - eMerge Americas","description":"A partir del lunes 20 de abril, Miami se convierte en el epicentro de la innovaci\u00f3n mundial, ya que eMerge Americas lanza una serie ininterrumpida de experiencias, cumbres de alto impacto y momentos inolvidables.","robots":{"index":"index","follow":"follow","max-snippet":"max-snippet:-1","max-image-preview":"max-image-preview:large","max-video-preview":"max-video-preview:-1"},"canonical":"https:\/\/emergeamericas.com\/es\/agenda-at-a-glance\/","og_locale":"es_ES","og_type":"article","og_title":"Agenda At A Glance","og_description":"AGENDA at a glance FULL PROGRAMMING DETAILS ARE LIVE Starting&nbsp;Monday, April 20,&nbsp;Miami becomes the epicenter of global innovation as eMerge","og_url":"https:\/\/emergeamericas.com\/es\/agenda-at-a-glance\/","og_site_name":"eMerge Americas","article_publisher":"https:\/\/www.facebook.com\/emergeamericas","article_modified_time":"2026-03-20T14:41:10+00:00","og_image":[{"width":2560,"height":1708,"url":"https:\/\/emergeamericas.com\/wp-content\/uploads\/2026\/02\/240418-Emerge-2024-203-1-scaled.jpg","type":"image\/jpeg"}],"twitter_card":"summary_large_image","twitter_site":"@emergeamericas","twitter_misc":{"Tiempo de lectura":"2 minutos"},"schema":{"@context":"https:\/\/schema.org","@graph":[{"@type":"WebPage","@id":"https:\/\/emergeamericas.com\/agenda-at-a-glance\/","url":"https:\/\/emergeamericas.com\/agenda-at-a-glance\/","name":"Agenda de un vistazo - eMerge Americas","isPartOf":{"@id":"https:\/\/emergeamericas.com\/#website"},"primaryImageOfPage":{"@id":"https:\/\/emergeamericas.com\/agenda-at-a-glance\/#primaryimage"},"image":{"@id":"https:\/\/emergeamericas.com\/agenda-at-a-glance\/#primaryimage"},"thumbnailUrl":"https:\/\/emergeamericas.com\/wp-content\/uploads\/2026\/02\/240418-Emerge-2024-203-1-scaled.jpg","datePublished":"2026-02-10T17:55:36+00:00","dateModified":"2026-03-20T14:41:10+00:00","description":"A partir del lunes 20 de abril, Miami se convierte en el epicentro de la innovaci\u00f3n mundial, ya que eMerge Americas lanza una serie ininterrumpida de experiencias, cumbres de alto impacto y momentos inolvidables.","breadcrumb":{"@id":"https:\/\/emergeamericas.com\/agenda-at-a-glance\/#breadcrumb"},"inLanguage":"es","potentialAction":[{"@type":"ReadAction","target":["https:\/\/emergeamericas.com\/agenda-at-a-glance\/"]}]},{"@type":"ImageObject","inLanguage":"es","@id":"https:\/\/emergeamericas.com\/agenda-at-a-glance\/#primaryimage","url":"https:\/\/emergeamericas.com\/wp-content\/uploads\/2026\/02\/240418-Emerge-2024-203-1-scaled.jpg","contentUrl":"https:\/\/emergeamericas.com\/wp-content\/uploads\/2026\/02\/240418-Emerge-2024-203-1-scaled.jpg","width":2560,"height":1708},{"@type":"BreadcrumbList","@id":"https:\/\/emergeamericas.com\/agenda-at-a-glance\/#breadcrumb","itemListElement":[{"@type":"ListItem","position":1,"name":"Home","item":"https:\/\/emergeamericas.com\/"},{"@type":"ListItem","position":2,"name":"Agenda At A Glance"}]},{"@type":"WebSite","@id":"https:\/\/emergeamericas.com\/#website","url":"https:\/\/emergeamericas.com\/","name":"eMerge Am\u00e9ricas","description":"El principal evento tecnol\u00f3gico de la Miami Tech Week 2022","publisher":{"@id":"https:\/\/emergeamericas.com\/#organization"},"potentialAction":[{"@type":"SearchAction","target":{"@type":"EntryPoint","urlTemplate":"https:\/\/emergeamericas.com\/?s={search_term_string}"},"query-input":{"@type":"PropertyValueSpecification","valueRequired":true,"valueName":"search_term_string"}}],"inLanguage":"es"},{"@type":"Organization","@id":"https:\/\/emergeamericas.com\/#organization","name":"eMerge Am\u00e9ricas","url":"https:\/\/emergeamericas.com\/","logo":{"@type":"ImageObject","inLanguage":"es","@id":"https:\/\/emergeamericas.com\/#\/schema\/logo\/image\/","url":"https:\/\/emergeamericas.com\/wp-content\/uploads\/2023\/11\/emerge-logo-horiz-225.svg","contentUrl":"https:\/\/emergeamericas.com\/wp-content\/uploads\/2023\/11\/emerge-logo-horiz-225.svg","width":242,"height":90,"caption":"eMerge Americas"},"image":{"@id":"https:\/\/emergeamericas.com\/#\/schema\/logo\/image\/"},"sameAs":["https:\/\/www.facebook.com\/emergeamericas","https:\/\/x.com\/emergeamericas","https:\/\/www.instagram.com\/emergeamericas\/","https:\/\/www.linkedin.com\/company\/emerge-americas"]}]}},"_links":{"self":[{"href":"https:\/\/emergeamericas.com\/es\/wp-json\/wp\/v2\/pages\/32768","targetHints":{"allow":["GET"]}}],"collection":[{"href":"https:\/\/emergeamericas.com\/es\/wp-json\/wp\/v2\/pages"}],"about":[{"href":"https:\/\/emergeamericas.com\/es\/wp-json\/wp\/v2\/types\/page"}],"author":[{"embeddable":true,"href":"https:\/\/emergeamericas.com\/es\/wp-json\/wp\/v2\/users\/33"}],"replies":[{"embeddable":true,"href":"https:\/\/emergeamericas.com\/es\/wp-json\/wp\/v2\/comments?post=32768"}],"version-history":[{"count":4,"href":"https:\/\/emergeamericas.com\/es\/wp-json\/wp\/v2\/pages\/32768\/revisions"}],"predecessor-version":[{"id":60587,"href":"https:\/\/emergeamericas.com\/es\/wp-json\/wp\/v2\/pages\/32768\/revisions\/60587"}],"wp:featuredmedia":[{"embeddable":true,"href":"https:\/\/emergeamericas.com\/es\/wp-json\/wp\/v2\/media\/32769"}],"wp:attachment":[{"href":"https:\/\/emergeamericas.com\/es\/wp-json\/wp\/v2\/media?parent=32768"}],"wp:term":[{"taxonomy":"hf_cat_page","embeddable":true,"href":"https:\/\/emergeamericas.com\/es\/wp-json\/wp\/v2\/hf_cat_page?post=32768"}],"curies":[{"name":"wp","href":"https:\/\/api.w.org\/{rel}","templated":true}]}}