{"id":2697,"date":"2020-10-06T19:18:16","date_gmt":"2020-10-06T19:18:16","guid":{"rendered":"https:\/\/emergeamericas.wpengine.com\/?page_id=2697"},"modified":"2025-09-30T14:35:21","modified_gmt":"2025-09-30T14:35:21","slug":"upcoming-events","status":"publish","type":"page","link":"https:\/\/emergeamericas.com\/es\/discover\/upcoming-events\/","title":{"rendered":"Pr\u00f3ximos Eventos"},"content":{"rendered":"","protected":false},"excerpt":{"rendered":"","protected":false},"author":1,"featured_media":0,"parent":325,"menu_order":55,"comment_status":"closed","ping_status":"closed","template":"","meta":{"_acf_changed":false,"_lmt_disableupdate":"","_lmt_disable":"","footnotes":"","_links_to":"","_links_to_target":""},"hf_cat_page":[],"class_list":["post-2697","page","type-page","status-publish"],"acf":[],"yoast_head":"<!-- This site is optimized with the Yoast SEO Premium plugin v27.1 (Yoast SEO v27.4) - https:\/\/yoast.com\/product\/yoast-seo-premium-wordpress\/ -->\n<title>eMerge Americas | Upcoming Events<\/title>\n<meta name=\"description\" content=\"Learn about eMerge Americas&#039; upcoming events, which bring together the brightest minds in global technology.\" \/>\n<meta name=\"robots\" content=\"index, follow, max-snippet:-1, max-image-preview:large, max-video-preview:-1\" \/>\n<link rel=\"canonical\" href=\"https:\/\/emergeamericas.com\/es\/discover\/upcoming-events\/\" \/>\n<meta property=\"og:locale\" content=\"es_ES\" \/>\n<meta property=\"og:type\" content=\"article\" \/>\n<meta property=\"og:title\" content=\"Upcoming Events\" \/>\n<meta property=\"og:url\" content=\"https:\/\/emergeamericas.com\/es\/discover\/upcoming-events\/\" \/>\n<meta property=\"og:site_name\" content=\"eMerge Americas\" \/>\n<meta property=\"article:publisher\" content=\"https:\/\/www.facebook.com\/emergeamericas\" \/>\n<meta property=\"article:modified_time\" content=\"2025-09-30T14:35:21+00:00\" \/>\n<meta property=\"og:image\" content=\"https:\/\/emergeamericas.com\/wp-content\/uploads\/2019\/09\/share-logo.png\" \/>\n\t<meta property=\"og:image:width\" content=\"600\" \/>\n\t<meta property=\"og:image:height\" content=\"600\" \/>\n\t<meta property=\"og:image:type\" content=\"image\/png\" \/>\n<meta name=\"twitter:card\" content=\"summary_large_image\" \/>\n<meta name=\"twitter:site\" content=\"@emergeamericas\" \/>\n<meta name=\"twitter:label1\" content=\"Tiempo de lectura\" \/>\n\t<meta name=\"twitter:data1\" content=\"4 minutos\" \/>\n<script type=\"application\/ld+json\" class=\"yoast-schema-graph\">{\"@context\":\"https:\\\/\\\/schema.org\",\"@graph\":[{\"@type\":\"WebPage\",\"@id\":\"https:\\\/\\\/emergeamericas.com\\\/discover\\\/upcoming-events\\\/\",\"url\":\"https:\\\/\\\/emergeamericas.com\\\/discover\\\/upcoming-events\\\/\",\"name\":\"eMerge Americas | Upcoming Events\",\"isPartOf\":{\"@id\":\"https:\\\/\\\/emergeamericas.com\\\/#website\"},\"datePublished\":\"2020-10-06T19:18:16+00:00\",\"dateModified\":\"2025-09-30T14:35:21+00:00\",\"description\":\"Learn about eMerge Americas' upcoming events, which bring together the brightest minds in global technology.\",\"breadcrumb\":{\"@id\":\"https:\\\/\\\/emergeamericas.com\\\/discover\\\/upcoming-events\\\/#breadcrumb\"},\"inLanguage\":\"es\",\"potentialAction\":[{\"@type\":\"ReadAction\",\"target\":[\"https:\\\/\\\/emergeamericas.com\\\/discover\\\/upcoming-events\\\/\"]}]},{\"@type\":\"BreadcrumbList\",\"@id\":\"https:\\\/\\\/emergeamericas.com\\\/discover\\\/upcoming-events\\\/#breadcrumb\",\"itemListElement\":[{\"@type\":\"ListItem\",\"position\":1,\"name\":\"Home\",\"item\":\"https:\\\/\\\/emergeamericas.com\\\/\"},{\"@type\":\"ListItem\",\"position\":2,\"name\":\"Discover\",\"item\":\"https:\\\/\\\/emergeamericas.com\\\/discover\\\/\"},{\"@type\":\"ListItem\",\"position\":3,\"name\":\"Upcoming Events\"}]},{\"@type\":\"WebSite\",\"@id\":\"https:\\\/\\\/emergeamericas.com\\\/#website\",\"url\":\"https:\\\/\\\/emergeamericas.com\\\/\",\"name\":\"eMerge Americas\",\"description\":\"The Premier Technology Event Anchoring Miami Tech Week 2022\",\"publisher\":{\"@id\":\"https:\\\/\\\/emergeamericas.com\\\/#organization\"},\"potentialAction\":[{\"@type\":\"SearchAction\",\"target\":{\"@type\":\"EntryPoint\",\"urlTemplate\":\"https:\\\/\\\/emergeamericas.com\\\/?s={search_term_string}\"},\"query-input\":{\"@type\":\"PropertyValueSpecification\",\"valueRequired\":true,\"valueName\":\"search_term_string\"}}],\"inLanguage\":\"es\"},{\"@type\":\"Organization\",\"@id\":\"https:\\\/\\\/emergeamericas.com\\\/#organization\",\"name\":\"eMerge Americas\",\"url\":\"https:\\\/\\\/emergeamericas.com\\\/\",\"logo\":{\"@type\":\"ImageObject\",\"inLanguage\":\"es\",\"@id\":\"https:\\\/\\\/emergeamericas.com\\\/#\\\/schema\\\/logo\\\/image\\\/\",\"url\":\"https:\\\/\\\/emergeamericas.com\\\/wp-content\\\/uploads\\\/2023\\\/11\\\/emerge-logo-horiz-225.svg\",\"contentUrl\":\"https:\\\/\\\/emergeamericas.com\\\/wp-content\\\/uploads\\\/2023\\\/11\\\/emerge-logo-horiz-225.svg\",\"width\":242,\"height\":90,\"caption\":\"eMerge Americas\"},\"image\":{\"@id\":\"https:\\\/\\\/emergeamericas.com\\\/#\\\/schema\\\/logo\\\/image\\\/\"},\"sameAs\":[\"https:\\\/\\\/www.facebook.com\\\/emergeamericas\",\"https:\\\/\\\/x.com\\\/emergeamericas\",\"https:\\\/\\\/www.instagram.com\\\/emergeamericas\\\/\",\"https:\\\/\\\/www.linkedin.com\\\/company\\\/emerge-americas\"]}]}<\/script>\n<!-- \/ Yoast SEO Premium plugin. -->","yoast_head_json":{"title":"eMerge Americas | Pr\u00f3ximos eventos","description":"Inf\u00f3rmese sobre los pr\u00f3ximos eventos de eMerge Americas, que re\u00fanen a las mentes m\u00e1s brillantes de la tecnolog\u00eda mundial.","robots":{"index":"index","follow":"follow","max-snippet":"max-snippet:-1","max-image-preview":"max-image-preview:large","max-video-preview":"max-video-preview:-1"},"canonical":"https:\/\/emergeamericas.com\/es\/discover\/upcoming-events\/","og_locale":"es_ES","og_type":"article","og_title":"Upcoming Events","og_url":"https:\/\/emergeamericas.com\/es\/discover\/upcoming-events\/","og_site_name":"eMerge Americas","article_publisher":"https:\/\/www.facebook.com\/emergeamericas","article_modified_time":"2025-09-30T14:35:21+00:00","og_image":[{"width":600,"height":600,"url":"https:\/\/emergeamericas.com\/wp-content\/uploads\/2019\/09\/share-logo.png","type":"image\/png"}],"twitter_card":"summary_large_image","twitter_site":"@emergeamericas","twitter_misc":{"Tiempo de lectura":"4 minutos"},"schema":{"@context":"https:\/\/schema.org","@graph":[{"@type":"WebPage","@id":"https:\/\/emergeamericas.com\/discover\/upcoming-events\/","url":"https:\/\/emergeamericas.com\/discover\/upcoming-events\/","name":"eMerge Americas | Pr\u00f3ximos eventos","isPartOf":{"@id":"https:\/\/emergeamericas.com\/#website"},"datePublished":"2020-10-06T19:18:16+00:00","dateModified":"2025-09-30T14:35:21+00:00","description":"Inf\u00f3rmese sobre los pr\u00f3ximos eventos de eMerge Americas, que re\u00fanen a las mentes m\u00e1s brillantes de la tecnolog\u00eda mundial.","breadcrumb":{"@id":"https:\/\/emergeamericas.com\/discover\/upcoming-events\/#breadcrumb"},"inLanguage":"es","potentialAction":[{"@type":"ReadAction","target":["https:\/\/emergeamericas.com\/discover\/upcoming-events\/"]}]},{"@type":"BreadcrumbList","@id":"https:\/\/emergeamericas.com\/discover\/upcoming-events\/#breadcrumb","itemListElement":[{"@type":"ListItem","position":1,"name":"Home","item":"https:\/\/emergeamericas.com\/"},{"@type":"ListItem","position":2,"name":"Discover","item":"https:\/\/emergeamericas.com\/discover\/"},{"@type":"ListItem","position":3,"name":"Upcoming Events"}]},{"@type":"WebSite","@id":"https:\/\/emergeamericas.com\/#website","url":"https:\/\/emergeamericas.com\/","name":"eMerge Am\u00e9ricas","description":"El principal evento tecnol\u00f3gico de la Miami Tech Week 2022","publisher":{"@id":"https:\/\/emergeamericas.com\/#organization"},"potentialAction":[{"@type":"SearchAction","target":{"@type":"EntryPoint","urlTemplate":"https:\/\/emergeamericas.com\/?s={search_term_string}"},"query-input":{"@type":"PropertyValueSpecification","valueRequired":true,"valueName":"search_term_string"}}],"inLanguage":"es"},{"@type":"Organization","@id":"https:\/\/emergeamericas.com\/#organization","name":"eMerge Am\u00e9ricas","url":"https:\/\/emergeamericas.com\/","logo":{"@type":"ImageObject","inLanguage":"es","@id":"https:\/\/emergeamericas.com\/#\/schema\/logo\/image\/","url":"https:\/\/emergeamericas.com\/wp-content\/uploads\/2023\/11\/emerge-logo-horiz-225.svg","contentUrl":"https:\/\/emergeamericas.com\/wp-content\/uploads\/2023\/11\/emerge-logo-horiz-225.svg","width":242,"height":90,"caption":"eMerge Americas"},"image":{"@id":"https:\/\/emergeamericas.com\/#\/schema\/logo\/image\/"},"sameAs":["https:\/\/www.facebook.com\/emergeamericas","https:\/\/x.com\/emergeamericas","https:\/\/www.instagram.com\/emergeamericas\/","https:\/\/www.linkedin.com\/company\/emerge-americas"]}]}},"_links":{"self":[{"href":"https:\/\/emergeamericas.com\/es\/wp-json\/wp\/v2\/pages\/2697","targetHints":{"allow":["GET"]}}],"collection":[{"href":"https:\/\/emergeamericas.com\/es\/wp-json\/wp\/v2\/pages"}],"about":[{"href":"https:\/\/emergeamericas.com\/es\/wp-json\/wp\/v2\/types\/page"}],"author":[{"embeddable":true,"href":"https:\/\/emergeamericas.com\/es\/wp-json\/wp\/v2\/users\/1"}],"replies":[{"embeddable":true,"href":"https:\/\/emergeamericas.com\/es\/wp-json\/wp\/v2\/comments?post=2697"}],"version-history":[{"count":0,"href":"https:\/\/emergeamericas.com\/es\/wp-json\/wp\/v2\/pages\/2697\/revisions"}],"up":[{"embeddable":true,"href":"https:\/\/emergeamericas.com\/es\/wp-json\/wp\/v2\/pages\/325"}],"wp:attachment":[{"href":"https:\/\/emergeamericas.com\/es\/wp-json\/wp\/v2\/media?parent=2697"}],"wp:term":[{"taxonomy":"hf_cat_page","embeddable":true,"href":"https:\/\/emergeamericas.com\/es\/wp-json\/wp\/v2\/hf_cat_page?post=2697"}],"curies":[{"name":"wp","href":"https:\/\/api.w.org\/{rel}","templated":true}]}}